{"id":63,"date":"2014-08-29T08:00:40","date_gmt":"2014-08-29T08:00:40","guid":{"rendered":"http:\/\/wp\/?page_id=63"},"modified":"2024-07-02T01:10:12","modified_gmt":"2024-07-02T01:10:12","slug":"about","status":"publish","type":"page","link":"https:\/\/sindicatodebomberos.com\/index.php\/about\/","title":{"rendered":"Plan legal"},"content":{"rendered":"\n<style type=\"text\/css\" data-created_by=\"avia_inline_auto\" id=\"style-css-av-kez24jct-f8d6f8ee181cba3fcf536a60ab466a7c\">\n.avia-image-container.av-kez24jct-f8d6f8ee181cba3fcf536a60ab466a7c img.avia_image{\nbox-shadow:none;\n}\n.avia-image-container.av-kez24jct-f8d6f8ee181cba3fcf536a60ab466a7c .av-image-caption-overlay-center{\ncolor:#ffffff;\n}\n<\/style>\n<div  class='avia-image-container av-kez24jct-f8d6f8ee181cba3fcf536a60ab466a7c av-styling- av-hover-grow av-hide-overflow avia_animated_image av-animated-when-visible-95 av-rotateInUpLeft avia-align-center  avia-builder-el-0  el_before_av_section  avia-builder-el-no-sibling '   itemprop=\"image\" itemscope=\"itemscope\" itemtype=\"https:\/\/schema.org\/ImageObject\" ><div class=\"avia-image-container-inner\"><div class=\"avia-image-overlay-wrap\"><img decoding=\"async\" fetchpriority=\"high\" class='wp-image-843 avia-img-lazy-loading-not-843 avia_image ' src=\"https:\/\/sindicatodebomberos.com\/wp-content\/uploads\/2020\/09\/sin-capa-300x61.png\" alt='' title='sin capa'  height=\"61\" width=\"300\"  itemprop=\"thumbnailUrl\" srcset=\"https:\/\/sindicatodebomberos.com\/wp-content\/uploads\/2020\/09\/sin-capa-300x61.png 300w, https:\/\/sindicatodebomberos.com\/wp-content\/uploads\/2020\/09\/sin-capa-1030x209.png 1030w, https:\/\/sindicatodebomberos.com\/wp-content\/uploads\/2020\/09\/sin-capa-768x156.png 768w, https:\/\/sindicatodebomberos.com\/wp-content\/uploads\/2020\/09\/sin-capa-1536x311.png 1536w, https:\/\/sindicatodebomberos.com\/wp-content\/uploads\/2020\/09\/sin-capa-2048x415.png 2048w, https:\/\/sindicatodebomberos.com\/wp-content\/uploads\/2020\/09\/sin-capa-1500x304.png 1500w, https:\/\/sindicatodebomberos.com\/wp-content\/uploads\/2020\/09\/sin-capa-705x143.png 705w\" sizes=\"(max-width: 300px) 100vw, 300px\" \/><\/div><\/div><\/div>\n<\/div><\/div><\/div><!-- close content main div --><\/div><\/div>\n<style type=\"text\/css\" data-created_by=\"avia_inline_auto\" id=\"style-css-av-fpuf3-30884dcbd1a89ad5865bf86d5b135bfa\">\n.avia-section.av-fpuf3-30884dcbd1a89ad5865bf86d5b135bfa{\nbackground-color:#4ecac2;\nbackground-image:unset;\n}\n.avia-section.av-fpuf3-30884dcbd1a89ad5865bf86d5b135bfa .av-extra-border-element .av-extra-border-inner{\nbackground-color:#4ecac2;\n}\n<\/style>\n<div id='av_section_1'  class='avia-section av-fpuf3-30884dcbd1a89ad5865bf86d5b135bfa main_color avia-section-default avia-no-border-styling  avia-builder-el-1  el_after_av_image  el_before_av_section  avia-bg-style-scroll av-arrow-down-section av-minimum-height av-minimum-height-custom av-height-custom  container_wrap sidebar_left'   data-av_minimum_height_px='430'><div class='container av-section-cont-open' style='height:430px'><div class='template-page content  av-content-small units'><div class='post-entry post-entry-type-page post-entry-63'><div class='entry-content-wrapper clearfix'>\n\n<style type=\"text\/css\" data-created_by=\"avia_inline_auto\" id=\"style-css-av-keztudwv-c799061ad73607ef9682dc0b941d3ca7\">\n#top .av-special-heading.av-keztudwv-c799061ad73607ef9682dc0b941d3ca7{\npadding-bottom:40px;\ncolor:#ffffff;\nfont-size:72px;\n}\nbody .av-special-heading.av-keztudwv-c799061ad73607ef9682dc0b941d3ca7 .av-special-heading-tag .heading-char{\nfont-size:25px;\n}\n#top #wrap_all .av-special-heading.av-keztudwv-c799061ad73607ef9682dc0b941d3ca7 .av-special-heading-tag{\nfont-size:72px;\n}\n.av-special-heading.av-keztudwv-c799061ad73607ef9682dc0b941d3ca7 .special-heading-inner-border{\nborder-color:#ffffff;\n}\n.av-special-heading.av-keztudwv-c799061ad73607ef9682dc0b941d3ca7 .av-subheading{\nfont-size:20px;\n}\n\n@media only screen and (min-width: 480px) and (max-width: 767px){ \n#top #wrap_all .av-special-heading.av-keztudwv-c799061ad73607ef9682dc0b941d3ca7 .av-special-heading-tag{\nfont-size:0.8em;\n}\n}\n\n@media only screen and (max-width: 479px){ \n#top #wrap_all .av-special-heading.av-keztudwv-c799061ad73607ef9682dc0b941d3ca7 .av-special-heading-tag{\nfont-size:0.8em;\n}\n}\n<\/style>\n<div  class='av-special-heading av-keztudwv-c799061ad73607ef9682dc0b941d3ca7 av-special-heading-h2 custom-color-heading blockquote modern-quote  avia-builder-el-2  avia-builder-el-no-sibling  av-inherit-size av-linked-heading'><h2 class='av-special-heading-tag '  itemprop=\"headline\"  >Plan Legal<\/h2><div class=\"special-heading-border\"><div class=\"special-heading-inner-border\"><\/div><\/div><\/div>\n<\/div><\/div><\/div><!-- close content main div --><\/div><div class='av-extra-border-element border-extra-arrow-down'><div class='av-extra-border-outer'><div class='av-extra-border-inner'><\/div><\/div><\/div><\/div>\n<style type=\"text\/css\" data-created_by=\"avia_inline_auto\" id=\"style-css-av-ehntz-cc43a29b96baa996f951ca466fa56535\">\n.avia-section.av-ehntz-cc43a29b96baa996f951ca466fa56535 .av-extra-border-element .av-extra-border-inner{\nbackground-color:#030203;\n}\n<\/style>\n<div id='av_section_2'  class='avia-section av-ehntz-cc43a29b96baa996f951ca466fa56535 main_color avia-section-large avia-no-border-styling  avia-builder-el-3  el_after_av_section  el_before_av_textblock  avia-bg-style-scroll av-arrow-down-section container_wrap sidebar_left'  ><div class='container av-section-cont-open' ><div class='template-page content  av-content-small units'><div class='post-entry post-entry-type-page post-entry-63'><div class='entry-content-wrapper clearfix'>\n<div  class='flex_column av-e1iyv-c25617e086da10a69c4333adb5a070da av_one_fifth  avia-builder-el-4  el_before_av_two_fifth  avia-builder-el-first  first flex_column_div  '     ><style type=\"text\/css\" data-created_by=\"avia_inline_auto\" id=\"style-css-av-d7o1n-d98f3566b1fdff23ad524e0ceb364934\">\n.avia-image-container.av-d7o1n-d98f3566b1fdff23ad524e0ceb364934 img.avia_image{\nbox-shadow:none;\n}\n.avia-image-container.av-d7o1n-d98f3566b1fdff23ad524e0ceb364934 .av-image-caption-overlay-center{\ncolor:#ffffff;\n}\n<\/style>\n<div  class='avia-image-container av-d7o1n-d98f3566b1fdff23ad524e0ceb364934 av-styling-circle avia_animated_image av-animated-when-visible-95 pop-up avia-align-center  avia-builder-el-5  avia-builder-el-no-sibling '   itemprop=\"image\" itemscope=\"itemscope\" itemtype=\"https:\/\/schema.org\/ImageObject\" ><div class=\"avia-image-container-inner\"><div class=\"avia-image-overlay-wrap\"><img decoding=\"async\" fetchpriority=\"high\" class='wp-image-522 avia-img-lazy-loading-not-522 avia_image ' src=\"https:\/\/sindicatodebomberos.com\/wp-content\/uploads\/2020\/09\/tirado-207x300.jpg\" alt='' title='tirado'  height=\"300\" width=\"207\"  itemprop=\"thumbnailUrl\" srcset=\"https:\/\/sindicatodebomberos.com\/wp-content\/uploads\/2020\/09\/tirado-207x300.jpg 207w, https:\/\/sindicatodebomberos.com\/wp-content\/uploads\/2020\/09\/tirado.jpg 324w\" sizes=\"(max-width: 207px) 100vw, 207px\" \/><\/div><\/div><\/div><\/div><div  class='flex_column av-cnqzr-106c9e85931e71645a327dbdb0d8ad7d av_two_fifth  avia-builder-el-6  el_after_av_one_fifth  avia-builder-el-last  flex_column_div  '     ><style type=\"text\/css\" data-created_by=\"avia_inline_auto\" id=\"style-css-av-kewlalmx-e7fbacad6a468ce1c73cb995df8ce13e\">\n#top .av-special-heading.av-kewlalmx-e7fbacad6a468ce1c73cb995df8ce13e{\npadding-bottom:10px;\ncolor:#b02b2c;\n}\nbody .av-special-heading.av-kewlalmx-e7fbacad6a468ce1c73cb995df8ce13e .av-special-heading-tag .heading-char{\nfont-size:25px;\n}\n.av-special-heading.av-kewlalmx-e7fbacad6a468ce1c73cb995df8ce13e .special-heading-inner-border{\nborder-color:#b02b2c;\n}\n.av-special-heading.av-kewlalmx-e7fbacad6a468ce1c73cb995df8ce13e .av-subheading{\nfont-size:15px;\n}\n<\/style>\n<div  class='av-special-heading av-kewlalmx-e7fbacad6a468ce1c73cb995df8ce13e av-special-heading-h3 custom-color-heading blockquote modern-quote  avia-builder-el-7  avia-builder-el-no-sibling  av-linked-heading'><h3 class='av-special-heading-tag '  itemprop=\"headline\"  >Mensaje del Presidente.<\/h3><div class='av_custom_color av-subheading av-subheading_below'><p>A todos nuestros afiliados:<\/p>\n<p>Esta es tu nueva gu\u00eda oficial del Sindicato de Bomberos Unidos de Puerto Rico, aqui te ofrecemos el Directorio de Abogados que est\u00e1n actualmente contratados para brindarte los servicios legales que te mereces.<\/p>\n<p>Como veras son Abogados que se encuentran a trav\u00e9s de toda la isla para facilitarte y brindarte el servicio que necesitas.<\/p>\n<p>De necesitar los servicios legales ser\u00e1 seg\u00fan sea la jurisdicci\u00f3n donde se origina el caso y con el objetivo de garantizarte una buena atenci\u00f3n, solo los abogados que tengan contrato activo con el SBU podr\u00e1n atender tu caso.<\/p>\n<p>Los casos administrativos, o sea, en el Cuerpo de Bomberos y en la Comisi\u00f3n de Relaciones del Trabajo los continuar\u00e1 viendo la Lcda. Leonor Rodr\u00edguez, tel. 787-780-7590, 787-960-6572.<\/p>\n<p>Cualquier duda favor de comunicarte a nuestras oficinas al (787)891-4768<\/p>\n<p>Saludos,<\/p>\n<p>Jose N. Tirado<\/p>\n<p>Presidente<\/p>\n<\/div><div class=\"special-heading-border\"><div class=\"special-heading-inner-border\"><\/div><\/div><\/div><\/div><\/div><\/div><\/div><!-- close content main div --><\/div><div class='av-extra-border-element border-extra-arrow-down'><div class='av-extra-border-outer'><div class='av-extra-border-inner'><\/div><\/div><\/div><\/div><div id='after_section_2'  class='main_color av_default_container_wrap container_wrap sidebar_left'  ><div class='container av-section-cont-open' ><div class='template-page content  av-content-small units'><div class='post-entry post-entry-type-page post-entry-63'><div class='entry-content-wrapper clearfix'>\n<style type=\"text\/css\" data-created_by=\"avia_inline_auto\" id=\"style-css-av-kewlrnho-bafe8b644bbd4037fc7d0b02ef7abec5\">\n#top .av_textblock_section.av-kewlrnho-bafe8b644bbd4037fc7d0b02ef7abec5 .avia_textblock{\ncolor:#b02b2c;\n}\n<\/style>\n<section  class='av_textblock_section av-kewlrnho-bafe8b644bbd4037fc7d0b02ef7abec5 '   itemscope=\"itemscope\" itemtype=\"https:\/\/schema.org\/CreativeWork\" ><div class='avia_textblock av_inherit_color'  itemprop=\"text\" ><h1 style=\"text-align: center;\"><span lang=\"ES-PR\" xml:lang=\"ES-PR\">CASOS CIVILES<\/span><\/h1>\n<p style=\"text-align: center;\">Affid\u00e1vit<\/p>\n<p style=\"text-align: center;\">Cambio de Nombre<\/p>\n<p style=\"text-align: center;\">Contratos de Arrendamiento*<\/p>\n<p style=\"text-align: center;\">Contratos de Opci\u00f3n a Compra*<\/p>\n<p style=\"text-align: center;\">Capitulaciones\uf020Matrimoniales**<\/p>\n<p style=\"text-align: center;\">Correcci\u00f3n de Actas<\/p>\n<p style=\"text-align: center;\">Custodia de Hijos**<\/p>\n<p style=\"text-align: center;\">Declaraciones Juradas<\/p>\n<p style=\"text-align: center;\">Declaratorias de Herederos<\/p>\n<p style=\"text-align: center;\">Demandas de Da\u00f1os y Perjuicios<\/p>\n<p style=\"text-align: center;\">Desacato<\/p>\n<p style=\"text-align: center;\">Desahucio<\/p>\n<p style=\"text-align: center;\">Divisi\u00f3n de Bienes<\/p>\n<p style=\"text-align: center;\">Divorcio Consentimiento Mutuo*<\/p>\n<p style=\"text-align: center;\">Divorcio Separaci\u00f3n**<\/p>\n<p style=\"text-align: center;\">Escritos en General<\/p>\n<p style=\"text-align: center;\">Escrituras de Compraventa*<\/p>\n<p style=\"text-align: center;\">Escrituras de Donaciones<\/p>\n<p style=\"text-align: center;\">Escrituras de Emancipaci\u00f3n<\/p>\n<p style=\"text-align: center;\">Estado Provisional de Derecho (Ley 140)*<\/p>\n<p style=\"text-align: center;\">Impugnaci\u00f3n de Paternidad<\/p>\n<p style=\"text-align: center;\">Ley de Maltrato de Menores<\/p>\n<p style=\"text-align: center;\">Pensi\u00f3n Alimentaria Fijaci\u00f3n o Modificaci\u00f3n*<\/p>\n<p style=\"text-align: center;\">Poderes Generales o Especiales<\/p>\n<p style=\"text-align: center;\">Portaci\u00f3n de Armas<\/p>\n<p style=\"text-align: center;\">Relaciones Paterno Filiares Fijaci\u00f3n o Modificaci\u00f3n<\/p>\n<\/div><\/section><\/p>\n\n<style type=\"text\/css\" data-created_by=\"avia_inline_auto\" id=\"style-css-av-kewlvldy-25cecd7728d60a91d3736f2dbdb91fbe\">\n#top .av_textblock_section.av-kewlvldy-25cecd7728d60a91d3736f2dbdb91fbe .avia_textblock{\ncolor:#b02b2c;\n}\n<\/style>\n<section  class='av_textblock_section av-kewlvldy-25cecd7728d60a91d3736f2dbdb91fbe '   itemscope=\"itemscope\" itemtype=\"https:\/\/schema.org\/CreativeWork\" ><div class='avia_textblock av_inherit_color'  itemprop=\"text\" ><h1 style=\"text-align: center;\"><span lang=\"ES-PR\" xml:lang=\"ES-PR\"><strong>CASOS CRIMINALES<\/strong><\/span><\/h1>\n<p style=\"text-align: center;\"><span lang=\"ES-PR\" xml:lang=\"ES-PR\">Agresi\u00f3n<\/span><\/p>\n<p style=\"text-align: center;\"><span lang=\"ES-PR\" xml:lang=\"ES-PR\">Apelaci\u00f3n \u2013 Certiorari<\/span><\/p>\n<p style=\"text-align: center;\"><span lang=\"ES-PR\" xml:lang=\"ES-PR\">Asesinato en Primer Grado<\/span><\/p>\n<p style=\"text-align: center;\"><span lang=\"ES-PR\" xml:lang=\"ES-PR\">Asesinato en Segundo Grado<\/span><\/p>\n<p style=\"text-align: center;\"><span lang=\"ES-PR\" xml:lang=\"ES-PR\">Asesinato en Grado de Tentativa<\/span><\/p>\n<p style=\"text-align: center;\"><span lang=\"ES-PR\" xml:lang=\"ES-PR\">Citaciones<\/span><\/p>\n<p style=\"text-align: center;\"><span lang=\"ES-PR\" xml:lang=\"ES-PR\">Da\u00f1os Agravados<\/span><\/p>\n<p style=\"text-align: center;\"><span lang=\"ES-PR\" xml:lang=\"ES-PR\">Delitos Graves<\/span><\/p>\n<p style=\"text-align: center;\"><span lang=\"ES-PR\" xml:lang=\"ES-PR\">Delitos Menos Graves<\/span><\/p>\n<p style=\"text-align: center;\"><span lang=\"ES-PR\" xml:lang=\"ES-PR\">Desacato<\/span><\/p>\n<p style=\"text-align: center;\"><span lang=\"ES-PR\" xml:lang=\"ES-PR\">Determinaci\u00f3n de Causa Probable<\/span><\/p>\n<p style=\"text-align: center;\"><span lang=\"ES-PR\" xml:lang=\"ES-PR\">Encubrimiento<\/span><\/p>\n<p style=\"text-align: center;\"><span lang=\"ES-PR\" xml:lang=\"ES-PR\">Estragos<\/span><\/p>\n<p style=\"text-align: center;\"><span lang=\"ES-PR\" xml:lang=\"ES-PR\">Homicidio Involuntario<\/span><\/p>\n<p style=\"text-align: center;\"><span lang=\"ES-PR\" xml:lang=\"ES-PR\">Homicidio Voluntario<\/span><\/p>\n<p style=\"text-align: center;\"><span lang=\"ES-PR\" xml:lang=\"ES-PR\">Imprudencia Craza o Temeraria<\/span><\/p>\n<p style=\"text-align: center;\"><span lang=\"ES-PR\" xml:lang=\"ES-PR\">Juicios en Su Fondo<\/span><\/p>\n<p style=\"text-align: center;\"><span lang=\"ES-PR\" xml:lang=\"ES-PR\">Lectura de Acusaci\u00f3n<\/span><\/p>\n<p style=\"text-align: center;\"><span lang=\"ES-PR\" xml:lang=\"ES-PR\">Ley de Transito<\/span><\/p>\n<p style=\"text-align: center;\"><span lang=\"ES-PR\" xml:lang=\"ES-PR\">Perjurio<\/span><\/p>\n<p style=\"text-align: center;\"><span lang=\"ES-PR\" xml:lang=\"ES-PR\">Rebajas de Fianza<\/span><\/p>\n<p style=\"text-align: center;\"><span lang=\"ES-PR\" xml:lang=\"ES-PR\">Regla 6<\/span><\/p>\n<p style=\"text-align: center;\"><span lang=\"ES-PR\" xml:lang=\"ES-PR\">Seducci\u00f3n<\/span><\/p>\n<p style=\"text-align: center;\"><span lang=\"ES-PR\" xml:lang=\"ES-PR\">Violencia Domestica<\/span><\/p>\n<p style=\"text-align: center;\"><span lang=\"ES-PR\" xml:lang=\"ES-PR\">Vista Preliminar<\/span><\/p>\n<p style=\"text-align: center;\"><span lang=\"ES-PR\" xml:lang=\"ES-PR\">Vista Preliminar en Alzada<\/span><\/p>\n<\/div><\/section>\n","protected":false},"excerpt":{"rendered":"","protected":false},"author":1,"featured_media":0,"parent":0,"menu_order":0,"comment_status":"open","ping_status":"open","template":"","meta":{"_exactmetrics_skip_tracking":false,"_exactmetrics_sitenote_active":false,"_exactmetrics_sitenote_note":"","_exactmetrics_sitenote_category":0,"footnotes":""},"class_list":["post-63","page","type-page","status-publish","hentry"],"_links":{"self":[{"href":"https:\/\/sindicatodebomberos.com\/index.php\/wp-json\/wp\/v2\/pages\/63","targetHints":{"allow":["GET"]}}],"collection":[{"href":"https:\/\/sindicatodebomberos.com\/index.php\/wp-json\/wp\/v2\/pages"}],"about":[{"href":"https:\/\/sindicatodebomberos.com\/index.php\/wp-json\/wp\/v2\/types\/page"}],"author":[{"embeddable":true,"href":"https:\/\/sindicatodebomberos.com\/index.php\/wp-json\/wp\/v2\/users\/1"}],"replies":[{"embeddable":true,"href":"https:\/\/sindicatodebomberos.com\/index.php\/wp-json\/wp\/v2\/comments?post=63"}],"version-history":[{"count":44,"href":"https:\/\/sindicatodebomberos.com\/index.php\/wp-json\/wp\/v2\/pages\/63\/revisions"}],"predecessor-version":[{"id":1306,"href":"https:\/\/sindicatodebomberos.com\/index.php\/wp-json\/wp\/v2\/pages\/63\/revisions\/1306"}],"wp:attachment":[{"href":"https:\/\/sindicatodebomberos.com\/index.php\/wp-json\/wp\/v2\/media?parent=63"}],"curies":[{"name":"wp","href":"https:\/\/api.w.org\/{rel}","templated":true}]}}